{"id":532,"date":"2022-07-08T10:45:44","date_gmt":"2022-07-08T10:45:44","guid":{"rendered":"https:\/\/poc.primariapantelimon.ro\/?page_id=532"},"modified":"2022-07-12T06:29:27","modified_gmt":"2022-07-12T06:29:27","slug":"politica-de-confidentialitate","status":"publish","type":"page","link":"https:\/\/poc.primariapantelimon.ro\/?page_id=532","title":{"rendered":"Politica de confidentialitate"},"content":{"rendered":"<p><strong>1. Politica de utilizare cookie-uri \u0219i tehnologii similare<\/strong><\/p>\n<p>Cookie-urile sunt folosite pentru urm\u0103toarele scopuri:<\/p>\n<ul>\n<li>de func\u021bionare a site-ului;<\/li>\n<li>de analiz\u0103 a comportamentului vizitatorilor site-ului;<\/li>\n<li>pentru publicitate;<\/li>\n<\/ul>\n<p>Aceast\u0103 politic\u0103 se completeaz\u0103 cu politica companiei cu privire la protec\u021bia datelor personale \u00een general cu Termenii \u0219i Condi\u021biile site-ului, pe care v\u0103 \u00eencuraj\u0103m s\u0103 le citi\u021bi, acestea incluz\u00e2nd informa\u021bii suplimentare utile, inclusiv cu privire la responsabilul companiei pentru protectia datelor personale, toate scopurile prelucr\u0103rilor de date efectuate de companie, drepturile dumneavoastr\u0103, precum \u0219i excep\u021biile \u0219i limitele acestora etc.<\/p>\n<p>Protec\u021bia corespunz\u0103toare a datelor cu caracter personal este un obiectiv important pentru noi. Dorin\u021ba noastr\u0103 este s\u0103 fim c\u00e2t mai clari \u0219i transparen\u021bi cu privire la abordarea companiei \u00een materie. Pentru orice \u00eentrebare, va rug\u0103m s\u0103 ne contacta\u021bi la\u00a0<strong>contact@primariaceplenita.ro<\/strong><\/p>\n<p><strong>2. Ce sunt cookie-urile?<\/strong><\/p>\n<p>Cookie-ul este un fi\u0219ier de mici dimensiuni, format din litere \u0219i numere, care va fi stocat pe computerul, terminalul mobil sau alte echipamente ale unui utilizator de pe care se acceseaz\u0103 internetul. Cookie-ul este instalat prin solicitarea emisa de terminalul utilizatorului c\u0103tre un server.<\/p>\n<p><strong>3. La ce sunt folosite cookie-urile?<\/strong><\/p>\n<p>Aceste fisiere fac posibil\u0103 \u00een principal recunoa\u0219terea terminalului utilizatorului \u0219i prezentarea con\u021binutului \u00eentr-un mod relevant, adaptat preferin\u021belor utilizatorului.<\/p>\n<p>Cookie-urile asigur\u0103 utilizatorilor o experien\u021b\u0103 pl\u0103cut\u0103 de navigare \u0219i sus\u021bin eforturile companiei pentru a oferi servicii adaptate utilizatorilor, ex: \u2013 preferin\u021bele \u00een materie de confiden\u021bialitate online, co\u0219ul de cump\u0103r\u0103turi sau publicitate relevant\u0103. De asemenea, sunt utilizate \u00een pregatirea unor statistici anonime agregate, care ne ajut\u0103 sa \u00een\u021belegem cum un utilizator beneficiaz\u0103 de paginile noastre de internet, permi\u021b\u00e2ndu-ne \u00eembun\u0103t\u0103\u021birea structurii \u0219i con\u021binutului lor, f\u0103r\u0103 a permite identificarea personal\u0103 a utilizatorului.<\/p>\n<p><strong>4. Ce cookie-uri folosim?<\/strong><\/p>\n<p>Folosim dou\u0103 tipuri de cookie-uri: per sesiune \u0219i fixe. Cookie-urile per sesiune sunt fi\u0219iere temporare ce r\u0103m\u00e2n \u00een terminalul utilizatorului p\u00e2n\u0103 la terminarea sesiunii sau \u00eenchiderea aplica\u021biei. Cookie-urile fixe r\u0103m\u00e2n pe terminalul utilizatorului pe o perioada determinat\u0103 de parametrii cookie-ului sau p\u00e2n\u0103 sunt \u0219terse manual de utilizator.<\/p>\n<p><strong>5. Cum sunt folosite cookie-urile de acest site?<\/strong><\/p>\n<p>O vizit\u0103 pe acest site poate plasa urmatoarele tipuri de cookie-uri:<\/p>\n<ul>\n<li>cookie-uri strict necesare pentru func\u021bionarea site-ului<\/li>\n<li>cookie-uri de analiz\u0103<\/li>\n<li>cookie-uri pentru publicitate<\/li>\n<\/ul>\n<p>Cookie-urile \u0219i\/sau tehnologiile similare strict necesare sunt esen\u021biale pentru buna func\u021bionare a site-ului, fiind setate pe dispozitivul dumneavoastr\u0103 la accesarea site-ului sau \u00een urma ac\u021biunilor efectuate \u00een site, dup\u0103 caz. Pute\u021bi seta browser-ul dumneavoastr\u0103 pentru a bloca cookie-urile, \u00eens\u0103 \u00een acest caz anumite sec\u021biuni ale site-ului nu vor func\u021biona corect.<\/p>\n<p><strong>6. Con\u021bin cookie-urile sau tehnologiile similare date personale?<\/strong><\/p>\n<p>Cookie-urile sau tehnologiile similare \u00een sine nu solicit\u0103 informa\u021bii cu caracter personal pentru a putea fi utilizate \u0219i, \u00een multe cazuri, nici nu identific\u0103 personal utilizatorii de internet. Exist\u0103, \u00eens\u0103, situa\u021bii c\u00e2nd datele personale pot fi colectate prin utilizarea cookie-urilor pentru a facilita anumite func\u021bionalit\u0103\u021bi pentru utilizator sau pentru a oferi utilizatorului o experien\u021b\u0103 mai bine adaptat\u0103 preferin\u021belor sale. Astfel de date sunt criptate \u00eentr-un mod care face imposibil accesul persoanelor neautorizate la ele.<\/p>\n<p><strong>Ce sunt tehnologiile similare?<\/strong><br \/>\nExist\u0103 alte tehnologii care pot fi utilizate \u00een acelea\u0219i scopuri precum cookie-urile.<\/p>\n<p><strong>7. Blocare cookie-uri<\/strong><\/p>\n<p>\u00cen cazul \u00een care dori\u021bi s\u0103 bloca\u021bi cookie-urile, unele func\u021bionalit\u0103\u021bi ale site\u2011ului vor fi oprite, iar acest lucru poate genera anumite disfunc\u021bionalit\u0103\u021bi sau erori \u00een folosirea site-ului nostru. De exemplu, blocarea cookie-urilor v\u0103 poate impiedica s\u0103:<\/p>\n<ul>\n<li>cump\u0103ra\u021bi online<\/li>\n<li>v\u0103 autentifica\u021bi \u00een contul dumneavoastr\u0103<\/li>\n<\/ul>\n<p>\u00cen cazul \u00een care sunte\u021bi de acord cu aceste limit\u0103ri \u0219i dori\u021bi s\u0103 blochezi cookie-urile, urmeaz\u0103 instruc\u021biunile de mai jos:<\/p>\n<p>Cele mai multe browsere sunt setate implicit s\u0103 accepte cookie-uri, dar ave\u021bi posibilitatea s\u0103 modificati set\u0103rile pentru a bloca unele sau toate cookie-urile.<\/p>\n<p>Alege\u021bi browser-ul dvs din lista de mai jos pentru a afi\u0219a instructiunile pe care trebuie s\u0103 le parcurge\u021bi dup\u0103 deschiderea browser-ului.<\/p>\n<p>Link-urile de mai sus nu apar\u021bin unor site-uri ale companiei \u0219i nu sutem responsabili de con\u021binutul acestora.<\/p>\n<p><strong>8. Administrarea preferin\u021belor cu privire la plasarea de cookie-uri<\/strong><\/p>\n<p>\u00cen general, o aplica\u021bie folosit\u0103 pentru accesarea paginilor web permite salvarea cookie-urilor \u0219i\/sau a tehnologiilor similare pe terminal \u00een mod implicit. Aceste set\u0103ri pot fi schimbate \u00een a\u0219a fel \u00eenc\u00e2t administrarea automat\u0103 a cookie-urilor s\u0103 fie blocat\u0103 de browser-ul web sau utilizatorul s\u0103 fie informat de fiecare dat\u0103 c\u00e2nd cookie-uri sunt trimise c\u0103tre terminalul s\u0103u.<\/p>\n<p>Informa\u021bii detaliate despre posibilit\u0103\u021bile \u0219i modurile de administrare a cookie-urilor pot fi g\u0103site \u00een zona de set\u0103ri a aplica\u021biei (browser-ului web). Limitarea folosirii cookie-urilor poate afecta anumite func\u021bionalit\u0103\u021bi ale website-ului.<\/p>\n<p><strong>9. De ce sunt cookie-urile \u0219i\/sau tehnologiile similare importante pentru Internet?<\/strong><\/p>\n<p>Cookie-urile s\u0219i\/sau tehnologiile similare reprezint\u0103 un punct central al func\u021bion\u0103rii eficiente a Internetului, ajut\u00e2nd la generarea unei experien\u021be de navigare prietenoase \u0219i adaptate preferin\u021belor \u0219i intereselor fiec\u0103rui utilizator. Refuzarea sau dezactivarea cookie-urilor poate face unele site-uri sau p\u0103r\u021bi ale site-urilor imposibil de folosit.<\/p>\n<p>Dezactivarea cookie-urilor nu \u00eenseamn\u0103 c\u0103 nu ve\u021bi mai primi, cu respectarea legisla\u021biei, publicitate online \u2013 ci doar c\u0103 aceasta nu va mai putea \u021bine cont de preferin\u021bele \u0219i interesele dvs, eviden\u021biate prin comportamentul de navigare.<\/p>\n<p>Exemple de \u00eentrebuin\u021b\u0103ri importante ale cookie-urilor (care nu necesit\u0103 autentificarea unui utilizator prin intermediul unui cont):<\/p>\n<ul>\n<li>Con\u021binut s\u0219i servicii adaptate preferin\u021belor utilizatorului \u2013 categorii de produse \u0219i servicii.<\/li>\n<li>Oferte adaptate intereselor utilizatorilor<\/li>\n<li>Re\u021binerea parolelor<\/li>\n<li>Re\u021binerea filtrelor de protec\u021bie a copiilor privind con\u021binutul pe Internet (op\u021biuni family mode, func\u021bii de safe search).<\/li>\n<li>Limitarea frecven\u021bei de difuzare a reclamelor \u2013 limitarea num\u0103rului de afi\u0219\u0103ri ale unei reclame pentru un anumit utilizator pe un site.<\/li>\n<li>Furnizarea de publicitate relevant\u0103 pentru utilizator.<\/li>\n<li>M\u0103surarea, optimizarea \u0219i adaptarea caracteristicilor de analiz\u0103 \u2013 cum ar fi confirmarea unui anumit nivel de trafic pe un website, ce tip de con\u021binut este vizualizat \u0219i modul cum un utilizator ajunge pe un website (ex: prin motoare de c\u0103utare, direct, din alte website-uri etc.). Website-urile deruleaz\u0103 aceste analize privitoare la utilizarea lor pentru a-\u0219i \u00eembun\u0103t\u0103\u021bi serviciile \u00een beneficiul utilizatorilor.<\/li>\n<\/ul>\n<p><strong>10. Securitate \u0219i aspecte legate de confiden\u021bialitate<\/strong><\/p>\n<p>\u00cen general, browserele au integrate set\u0103ri de confiden\u021bialitate care furnizeaz\u0103 diferite niveluri de acceptare a cookie-urilor, perioada de valabilitate \u0219i \u0219tergere automat\u0103 dup\u0103 ce utilizatorul a vizitat un anumit site.<\/p>\n<p>Alte aspecte de securitate legate de cookie-uri:<\/p>\n<ul>\n<li>Particularizarea set\u0103rilor browserului \u00een ceea ce prive\u0219te cookie-urile, pentru a reflecta un nivel confortabil pentru dumneavoastr\u0103 al securit\u0103\u021bii utiliz\u0103rii cookie-urilor.<\/li>\n<li>Dac\u0103 sunte\u021bi singura persoan\u0103 care utilizeaz\u0103 computerul, pute\u021bi seta, dac\u0103 dori\u021bi, termene lungi de expirare pentru stocarea istoricului de navigare \u0219i a datelor personale de acces.<\/li>\n<li>Dac\u0103 \u00eemp\u0103r\u021bi\u021bi accesul la calculator, pute\u021bi lua \u00een considerare setarea browserului pentru a \u0219terge datele individuale de navigare de fiecare dat\u0103 c\u00e2nd \u00eenchide\u021bi browserul. Aceasta este o variant\u0103 de a accesa site-urile care plaseaz\u0103 cookie-uri \u0219i de a \u0219terge orice informa\u021bie despre vizitare la \u00eenchiderea sesiunii de navigare.<\/li>\n<\/ul>\n<p><strong>11. Linkuri si informa\u021bii suplimentare utile<\/strong><\/p>\n<p>Dac\u0103 dori\u021bi s\u0103 afla\u021bi mai multe informa\u021bii despre cookie-uri \u0219i la ce sunt utilizate, recomand\u0103m urmatoarele linkuri:<\/p>\n<ul>\n<li><a href=\"https:\/\/support.microsoft.com\/en-us\/help\/260971\/description-of-cookies\">Microsoft Cookies guide<\/a><\/li>\n<li><a href=\"http:\/\/www.allaboutcookies.org\/\">All About Cookies<\/a><\/li>\n<li><a href=\"http:\/\/www.youronlinechoices.com\/ro\/\">http:\/\/www.youronlinechoices.com\/ro\/<\/a><\/li>\n<\/ul>\n","protected":false},"excerpt":{"rendered":"<p>1. Politica de utilizare cookie-uri \u0219i tehnologii similare Cookie-urile sunt folosite pentru urm\u0103toarele scopuri: de func\u021bionare a site-ului; de analiz\u0103 a comportamentului vizitatorilor site-ului; pentru publicitate; Aceast\u0103 politic\u0103 se completeaz\u0103 cu politica companiei cu privire la protec\u021bia datelor personale \u00een general cu Termenii \u0219i Condi\u021biile site-ului, pe care v\u0103 \u00eencuraj\u0103m s\u0103 le citi\u021bi, acestea incluz\u00e2nd&hellip;<\/p>\n","protected":false},"author":1,"featured_media":0,"parent":0,"menu_order":0,"comment_status":"closed","ping_status":"closed","template":"","meta":[],"yoast_head":"<!-- This site is optimized with the Yoast SEO plugin v19.2 - https:\/\/yoast.com\/wordpress\/plugins\/seo\/ -->\n<title>Politica de confidentialitate - POC<\/title>\n<meta name=\"robots\" content=\"index, follow, max-snippet:-1, max-image-preview:large, max-video-preview:-1\" \/>\n<link rel=\"canonical\" href=\"https:\/\/poc.primariapantelimon.ro\/?page_id=532\" \/>\n<meta property=\"og:locale\" content=\"ro_RO\" \/>\n<meta property=\"og:type\" content=\"article\" \/>\n<meta property=\"og:title\" content=\"Politica de confidentialitate - POC\" \/>\n<meta property=\"og:description\" content=\"1. Politica de utilizare cookie-uri \u0219i tehnologii similare Cookie-urile sunt folosite pentru urm\u0103toarele scopuri: de func\u021bionare a site-ului; de analiz\u0103 a comportamentului vizitatorilor site-ului; pentru publicitate; Aceast\u0103 politic\u0103 se completeaz\u0103 cu politica companiei cu privire la protec\u021bia datelor personale \u00een general cu Termenii \u0219i Condi\u021biile site-ului, pe care v\u0103 \u00eencuraj\u0103m s\u0103 le citi\u021bi, acestea incluz\u00e2nd&hellip;\" \/>\n<meta property=\"og:url\" content=\"https:\/\/poc.primariapantelimon.ro\/?page_id=532\" \/>\n<meta property=\"og:site_name\" content=\"POC\" \/>\n<meta property=\"article:modified_time\" content=\"2022-07-12T06:29:27+00:00\" \/>\n<meta name=\"author\" content=\"adminpoc\" \/>\n<meta name=\"twitter:card\" content=\"summary_large_image\" \/>\n<meta name=\"twitter:label1\" content=\"Timp estimat pentru citire\" \/>\n\t<meta name=\"twitter:data1\" content=\"6 minute\" \/>\n<script type=\"application\/ld+json\" class=\"yoast-schema-graph\">{\"@context\":\"https:\/\/schema.org\",\"@graph\":[{\"@type\":\"WebSite\",\"@id\":\"https:\/\/poc.primariapantelimon.ro\/#website\",\"url\":\"https:\/\/poc.primariapantelimon.ro\/\",\"name\":\"POC\",\"description\":\"\",\"potentialAction\":[{\"@type\":\"SearchAction\",\"target\":{\"@type\":\"EntryPoint\",\"urlTemplate\":\"https:\/\/poc.primariapantelimon.ro\/?s={search_term_string}\"},\"query-input\":\"required name=search_term_string\"}],\"inLanguage\":\"ro-RO\"},{\"@type\":\"WebPage\",\"@id\":\"https:\/\/poc.primariapantelimon.ro\/?page_id=532#webpage\",\"url\":\"https:\/\/poc.primariapantelimon.ro\/?page_id=532\",\"name\":\"Politica de confidentialitate - POC\",\"isPartOf\":{\"@id\":\"https:\/\/poc.primariapantelimon.ro\/#website\"},\"datePublished\":\"2022-07-08T10:45:44+00:00\",\"dateModified\":\"2022-07-12T06:29:27+00:00\",\"breadcrumb\":{\"@id\":\"https:\/\/poc.primariapantelimon.ro\/?page_id=532#breadcrumb\"},\"inLanguage\":\"ro-RO\",\"potentialAction\":[{\"@type\":\"ReadAction\",\"target\":[\"https:\/\/poc.primariapantelimon.ro\/?page_id=532\"]}]},{\"@type\":\"BreadcrumbList\",\"@id\":\"https:\/\/poc.primariapantelimon.ro\/?page_id=532#breadcrumb\",\"itemListElement\":[{\"@type\":\"ListItem\",\"position\":1,\"name\":\"Prima pagin\u0103\",\"item\":\"https:\/\/poc.primariapantelimon.ro\/\"},{\"@type\":\"ListItem\",\"position\":2,\"name\":\"Politica de confidentialitate\"}]}]}<\/script>\n<!-- \/ Yoast SEO plugin. -->","yoast_head_json":{"title":"Politica de confidentialitate - POC","robots":{"index":"index","follow":"follow","max-snippet":"max-snippet:-1","max-image-preview":"max-image-preview:large","max-video-preview":"max-video-preview:-1"},"canonical":"https:\/\/poc.primariapantelimon.ro\/?page_id=532","og_locale":"ro_RO","og_type":"article","og_title":"Politica de confidentialitate - POC","og_description":"1. Politica de utilizare cookie-uri \u0219i tehnologii similare Cookie-urile sunt folosite pentru urm\u0103toarele scopuri: de func\u021bionare a site-ului; de analiz\u0103 a comportamentului vizitatorilor site-ului; pentru publicitate; Aceast\u0103 politic\u0103 se completeaz\u0103 cu politica companiei cu privire la protec\u021bia datelor personale \u00een general cu Termenii \u0219i Condi\u021biile site-ului, pe care v\u0103 \u00eencuraj\u0103m s\u0103 le citi\u021bi, acestea incluz\u00e2nd&hellip;","og_url":"https:\/\/poc.primariapantelimon.ro\/?page_id=532","og_site_name":"POC","article_modified_time":"2022-07-12T06:29:27+00:00","author":"adminpoc","twitter_card":"summary_large_image","twitter_misc":{"Timp estimat pentru citire":"6 minute"},"schema":{"@context":"https:\/\/schema.org","@graph":[{"@type":"WebSite","@id":"https:\/\/poc.primariapantelimon.ro\/#website","url":"https:\/\/poc.primariapantelimon.ro\/","name":"POC","description":"","potentialAction":[{"@type":"SearchAction","target":{"@type":"EntryPoint","urlTemplate":"https:\/\/poc.primariapantelimon.ro\/?s={search_term_string}"},"query-input":"required name=search_term_string"}],"inLanguage":"ro-RO"},{"@type":"WebPage","@id":"https:\/\/poc.primariapantelimon.ro\/?page_id=532#webpage","url":"https:\/\/poc.primariapantelimon.ro\/?page_id=532","name":"Politica de confidentialitate - POC","isPartOf":{"@id":"https:\/\/poc.primariapantelimon.ro\/#website"},"datePublished":"2022-07-08T10:45:44+00:00","dateModified":"2022-07-12T06:29:27+00:00","breadcrumb":{"@id":"https:\/\/poc.primariapantelimon.ro\/?page_id=532#breadcrumb"},"inLanguage":"ro-RO","potentialAction":[{"@type":"ReadAction","target":["https:\/\/poc.primariapantelimon.ro\/?page_id=532"]}]},{"@type":"BreadcrumbList","@id":"https:\/\/poc.primariapantelimon.ro\/?page_id=532#breadcrumb","itemListElement":[{"@type":"ListItem","position":1,"name":"Prima pagin\u0103","item":"https:\/\/poc.primariapantelimon.ro\/"},{"@type":"ListItem","position":2,"name":"Politica de confidentialitate"}]}]}},"_links":{"self":[{"href":"https:\/\/poc.primariapantelimon.ro\/index.php?rest_route=\/wp\/v2\/pages\/532"}],"collection":[{"href":"https:\/\/poc.primariapantelimon.ro\/index.php?rest_route=\/wp\/v2\/pages"}],"about":[{"href":"https:\/\/poc.primariapantelimon.ro\/index.php?rest_route=\/wp\/v2\/types\/page"}],"author":[{"embeddable":true,"href":"https:\/\/poc.primariapantelimon.ro\/index.php?rest_route=\/wp\/v2\/users\/1"}],"replies":[{"embeddable":true,"href":"https:\/\/poc.primariapantelimon.ro\/index.php?rest_route=%2Fwp%2Fv2%2Fcomments&post=532"}],"version-history":[{"count":2,"href":"https:\/\/poc.primariapantelimon.ro\/index.php?rest_route=\/wp\/v2\/pages\/532\/revisions"}],"predecessor-version":[{"id":580,"href":"https:\/\/poc.primariapantelimon.ro\/index.php?rest_route=\/wp\/v2\/pages\/532\/revisions\/580"}],"wp:attachment":[{"href":"https:\/\/poc.primariapantelimon.ro\/index.php?rest_route=%2Fwp%2Fv2%2Fmedia&parent=532"}],"curies":[{"name":"wp","href":"https:\/\/api.w.org\/{rel}","templated":true}]}}