{"id":530,"date":"2022-07-08T10:45:37","date_gmt":"2022-07-08T10:45:37","guid":{"rendered":"https:\/\/poc.primariapantelimon.ro\/?page_id=530"},"modified":"2022-07-12T06:29:09","modified_gmt":"2022-07-12T06:29:09","slug":"termene-si-conditii","status":"publish","type":"page","link":"https:\/\/poc.primariapantelimon.ro\/?page_id=530","title":{"rendered":"Termene si conditii"},"content":{"rendered":"<p><strong>repturile dumneavostr\u0103 \u00een acord cu \u0219i \u00een vederea implement\u0103rii dispozi\u021biilor Regulamentului (UE) nr. 2016\/679 privind protec\u021bia persoanelor fizice \u00een ceea ce prive\u0219te prelucrarea datelor cu caracter personal \u0219i privind libera circula\u021bie a acestor date.<\/strong><\/p>\n<p>Informa\u021bia de mai jos este \u00een acord cu \u0219i \u00een vederea implement\u0103rii dispozi\u021biilor Regulamentului (UE) nr. 2016\/679 privind protec\u021bia persoanelor fizice \u00een ceea ce prive\u0219te prelucrarea datelor cu caracter personal \u0219i privind libera circula\u021bie a acestor date, document denumit mai jos \u201eRegulamentul\u201d;<\/p>\n<p>Prezentul document are ca scop informarea dumneavoastr\u0103 \u00een acord cu prevederile Regulamentului, cu privire la prelucrarea datelor dumneavoastr\u0103 cu caracter personal de\u00a0<strong>Primaria Cepleni\u021ba<\/strong><strong>.<\/strong><\/p>\n<p><strong>Dreptul de acces<\/strong><br \/>\nAve\u021bi dreptul sa obtine\u021bi o confirmare a prelucr\u0103rii datelor dvs. cu caracter personal \u0219i s\u0103 obtine\u021bi accesul la aceste date. \u00cen m\u0103sura \u00een care ne ve\u021bi transmite o solicitare \u00een acest sens, v\u0103 vom pune la dispozi\u021bie o copie a datelor dumneavoastr\u0103, cu caracter personal, pe care le prelucr\u0103m al\u0103turi de toate informa\u021biile pe care avem obliga\u021bia sa vi le furniz\u0103m, \u00een acord cu prevederile Regulamentului.<\/p>\n<p><strong>Dreptul de rectificare \u0219i \u0219tergere.<\/strong><br \/>\nAve\u021bi dreptul s\u0103 solicita\u021bi corectarea datelor cu caracter personal incorecte, inexacte sau incomplete. De asemenea, ave\u021bi dreptul s\u0103 solicita\u021bi \u0219tergerea datelor cu caracter personal c\u00e2nd acestea nu mai sunt necesare \u00een raport cu scopurile pentru care au fost prelucrate sau dac\u0103 prelucrarea acestora este ilegal\u0103.<\/p>\n<p><strong>Dreptul la restric\u021bionarea prelucr\u0103rii<\/strong><br \/>\nAve\u021bi dreptul s\u0103 solicita\u021bi restric\u021bionarea prelucr\u0103rii datelor dvs. cu caracter personal \u00een urmatoarele cazuri: contesta\u021bi exactitatea datelor, caz \u00een care pute\u021bi solicita restric\u021bioarea prelucr\u0103rii pentru perioada de timp \u00een care verific\u0103m exactitatea datelor; prelucrarea este ilegal\u0103 \u0219i v\u0103 opune\u021bi \u0219tergerii datelor; nu mai avem nevoie de datele dumneavoastr\u0103 cu caracter personal, dar dvs. le solicita\u021bi pentru constatarea, exercitarea sau apararea unui drept \u00een instan\u021b\u0103.<\/p>\n<p><strong>Dreptul la opozi\u021bie<\/strong><br \/>\nAveti dreptul sa v\u0103 opune\u021bi prelucr\u0103rii datelor dumneavoastr\u0103 cu caracter personal \u00een scopuri de marketing sau din motive legate de situa\u021bia particular\u0103 \u00een care v\u0103 afla\u021bi. \u00centr-o atare situa\u021bie, nu vom mai prelucra datele dumneavoastr\u0103 cu caracter personal, cu exceptia situa\u021biilor \u00een care conform Regulamentului putem continua prelucrarea datelor dumneavoastr\u0103.<\/p>\n<p><strong>Dreptul la portabilitatea datelor<\/strong><br \/>\nAve\u021bi dreptul de a primi datele cu caracter personal pe care ni le-a\u021bi furnizat \u0219i care v\u0103 privesc, \u00eentr-un format structurat, utilizat \u00een mod curent \u0219i care poate fi citit automat. Ave\u021bi totodat\u0103 dreptul de a transmite aceste date unui alt operator.<\/p>\n<p><strong>Dreptul de retragere a consim\u021b\u0103m\u00e2ntului acordat<\/strong><br \/>\nPute\u021bi s\u0103 v\u0103 retrage\u021bi oric\u00e2nd consim\u021b\u0103m\u00e2ntul pentru prelucrarea datelor dvs., caz \u00een care vom \u00eenceta s\u0103 v\u0103 transmitem orice fel de comunic\u0103ri comerciale.<\/p>\n<p>\u00cen cazul \u00een care ave\u021bi \u00eentreb\u0103ri sau alte tipuri de solicit\u0103ri \u00een acord cu prevederile Regulamentului, v\u0103 rug\u0103m s\u0103 ne contacta\u021bi prin e-mail la <a href=\"mailto:secretariat@primariapantelimon.ro\">secretariat@primariapantelimon.ro<\/a><\/p>\n","protected":false},"excerpt":{"rendered":"<p>repturile dumneavostr\u0103 \u00een acord cu \u0219i \u00een vederea implement\u0103rii dispozi\u021biilor Regulamentului (UE) nr. 2016\/679 privind protec\u021bia persoanelor fizice \u00een ceea ce prive\u0219te prelucrarea datelor cu caracter personal \u0219i privind libera circula\u021bie a acestor date. Informa\u021bia de mai jos este \u00een acord cu \u0219i \u00een vederea implement\u0103rii dispozi\u021biilor Regulamentului (UE) nr. 2016\/679 privind protec\u021bia persoanelor fizice&hellip;<\/p>\n","protected":false},"author":1,"featured_media":0,"parent":0,"menu_order":0,"comment_status":"closed","ping_status":"closed","template":"","meta":[],"yoast_head":"<!-- This site is optimized with the Yoast SEO plugin v19.2 - https:\/\/yoast.com\/wordpress\/plugins\/seo\/ -->\n<title>Termene si conditii - POC<\/title>\n<meta name=\"robots\" content=\"index, follow, max-snippet:-1, max-image-preview:large, max-video-preview:-1\" \/>\n<link rel=\"canonical\" href=\"https:\/\/poc.primariapantelimon.ro\/?page_id=530\" \/>\n<meta property=\"og:locale\" content=\"ro_RO\" \/>\n<meta property=\"og:type\" content=\"article\" \/>\n<meta property=\"og:title\" content=\"Termene si conditii - POC\" \/>\n<meta property=\"og:description\" content=\"repturile dumneavostr\u0103 \u00een acord cu \u0219i \u00een vederea implement\u0103rii dispozi\u021biilor Regulamentului (UE) nr. 2016\/679 privind protec\u021bia persoanelor fizice \u00een ceea ce prive\u0219te prelucrarea datelor cu caracter personal \u0219i privind libera circula\u021bie a acestor date. Informa\u021bia de mai jos este \u00een acord cu \u0219i \u00een vederea implement\u0103rii dispozi\u021biilor Regulamentului (UE) nr. 2016\/679 privind protec\u021bia persoanelor fizice&hellip;\" \/>\n<meta property=\"og:url\" content=\"https:\/\/poc.primariapantelimon.ro\/?page_id=530\" \/>\n<meta property=\"og:site_name\" content=\"POC\" \/>\n<meta property=\"article:modified_time\" content=\"2022-07-12T06:29:09+00:00\" \/>\n<meta name=\"author\" content=\"adminpoc\" \/>\n<meta name=\"twitter:card\" content=\"summary_large_image\" \/>\n<meta name=\"twitter:label1\" content=\"Timp estimat pentru citire\" \/>\n\t<meta name=\"twitter:data1\" content=\"3 minute\" \/>\n<script type=\"application\/ld+json\" class=\"yoast-schema-graph\">{\"@context\":\"https:\/\/schema.org\",\"@graph\":[{\"@type\":\"WebSite\",\"@id\":\"https:\/\/poc.primariapantelimon.ro\/#website\",\"url\":\"https:\/\/poc.primariapantelimon.ro\/\",\"name\":\"POC\",\"description\":\"\",\"potentialAction\":[{\"@type\":\"SearchAction\",\"target\":{\"@type\":\"EntryPoint\",\"urlTemplate\":\"https:\/\/poc.primariapantelimon.ro\/?s={search_term_string}\"},\"query-input\":\"required name=search_term_string\"}],\"inLanguage\":\"ro-RO\"},{\"@type\":\"WebPage\",\"@id\":\"https:\/\/poc.primariapantelimon.ro\/?page_id=530#webpage\",\"url\":\"https:\/\/poc.primariapantelimon.ro\/?page_id=530\",\"name\":\"Termene si conditii - POC\",\"isPartOf\":{\"@id\":\"https:\/\/poc.primariapantelimon.ro\/#website\"},\"datePublished\":\"2022-07-08T10:45:37+00:00\",\"dateModified\":\"2022-07-12T06:29:09+00:00\",\"breadcrumb\":{\"@id\":\"https:\/\/poc.primariapantelimon.ro\/?page_id=530#breadcrumb\"},\"inLanguage\":\"ro-RO\",\"potentialAction\":[{\"@type\":\"ReadAction\",\"target\":[\"https:\/\/poc.primariapantelimon.ro\/?page_id=530\"]}]},{\"@type\":\"BreadcrumbList\",\"@id\":\"https:\/\/poc.primariapantelimon.ro\/?page_id=530#breadcrumb\",\"itemListElement\":[{\"@type\":\"ListItem\",\"position\":1,\"name\":\"Prima pagin\u0103\",\"item\":\"https:\/\/poc.primariapantelimon.ro\/\"},{\"@type\":\"ListItem\",\"position\":2,\"name\":\"Termene si conditii\"}]}]}<\/script>\n<!-- \/ Yoast SEO plugin. -->","yoast_head_json":{"title":"Termene si conditii - POC","robots":{"index":"index","follow":"follow","max-snippet":"max-snippet:-1","max-image-preview":"max-image-preview:large","max-video-preview":"max-video-preview:-1"},"canonical":"https:\/\/poc.primariapantelimon.ro\/?page_id=530","og_locale":"ro_RO","og_type":"article","og_title":"Termene si conditii - POC","og_description":"repturile dumneavostr\u0103 \u00een acord cu \u0219i \u00een vederea implement\u0103rii dispozi\u021biilor Regulamentului (UE) nr. 2016\/679 privind protec\u021bia persoanelor fizice \u00een ceea ce prive\u0219te prelucrarea datelor cu caracter personal \u0219i privind libera circula\u021bie a acestor date. Informa\u021bia de mai jos este \u00een acord cu \u0219i \u00een vederea implement\u0103rii dispozi\u021biilor Regulamentului (UE) nr. 2016\/679 privind protec\u021bia persoanelor fizice&hellip;","og_url":"https:\/\/poc.primariapantelimon.ro\/?page_id=530","og_site_name":"POC","article_modified_time":"2022-07-12T06:29:09+00:00","author":"adminpoc","twitter_card":"summary_large_image","twitter_misc":{"Timp estimat pentru citire":"3 minute"},"schema":{"@context":"https:\/\/schema.org","@graph":[{"@type":"WebSite","@id":"https:\/\/poc.primariapantelimon.ro\/#website","url":"https:\/\/poc.primariapantelimon.ro\/","name":"POC","description":"","potentialAction":[{"@type":"SearchAction","target":{"@type":"EntryPoint","urlTemplate":"https:\/\/poc.primariapantelimon.ro\/?s={search_term_string}"},"query-input":"required name=search_term_string"}],"inLanguage":"ro-RO"},{"@type":"WebPage","@id":"https:\/\/poc.primariapantelimon.ro\/?page_id=530#webpage","url":"https:\/\/poc.primariapantelimon.ro\/?page_id=530","name":"Termene si conditii - POC","isPartOf":{"@id":"https:\/\/poc.primariapantelimon.ro\/#website"},"datePublished":"2022-07-08T10:45:37+00:00","dateModified":"2022-07-12T06:29:09+00:00","breadcrumb":{"@id":"https:\/\/poc.primariapantelimon.ro\/?page_id=530#breadcrumb"},"inLanguage":"ro-RO","potentialAction":[{"@type":"ReadAction","target":["https:\/\/poc.primariapantelimon.ro\/?page_id=530"]}]},{"@type":"BreadcrumbList","@id":"https:\/\/poc.primariapantelimon.ro\/?page_id=530#breadcrumb","itemListElement":[{"@type":"ListItem","position":1,"name":"Prima pagin\u0103","item":"https:\/\/poc.primariapantelimon.ro\/"},{"@type":"ListItem","position":2,"name":"Termene si conditii"}]}]}},"_links":{"self":[{"href":"https:\/\/poc.primariapantelimon.ro\/index.php?rest_route=\/wp\/v2\/pages\/530"}],"collection":[{"href":"https:\/\/poc.primariapantelimon.ro\/index.php?rest_route=\/wp\/v2\/pages"}],"about":[{"href":"https:\/\/poc.primariapantelimon.ro\/index.php?rest_route=\/wp\/v2\/types\/page"}],"author":[{"embeddable":true,"href":"https:\/\/poc.primariapantelimon.ro\/index.php?rest_route=\/wp\/v2\/users\/1"}],"replies":[{"embeddable":true,"href":"https:\/\/poc.primariapantelimon.ro\/index.php?rest_route=%2Fwp%2Fv2%2Fcomments&post=530"}],"version-history":[{"count":2,"href":"https:\/\/poc.primariapantelimon.ro\/index.php?rest_route=\/wp\/v2\/pages\/530\/revisions"}],"predecessor-version":[{"id":579,"href":"https:\/\/poc.primariapantelimon.ro\/index.php?rest_route=\/wp\/v2\/pages\/530\/revisions\/579"}],"wp:attachment":[{"href":"https:\/\/poc.primariapantelimon.ro\/index.php?rest_route=%2Fwp%2Fv2%2Fmedia&parent=530"}],"curies":[{"name":"wp","href":"https:\/\/api.w.org\/{rel}","templated":true}]}}